{"id":12646,"date":"2020-06-07T14:39:12","date_gmt":"2020-06-07T12:39:12","guid":{"rendered":"https:\/\/praxis-ubbelohde.de\/?page_id=12646"},"modified":"2024-06-14T19:51:07","modified_gmt":"2024-06-14T17:51:07","slug":"minimalinvasive-zahnherdsanierung-mit-laser","status":"publish","type":"page","link":"https:\/\/praxis-ubbelohde.de\/wordpress\/minimalinvasive-zahnherdsanierung-mit-laser\/","title":{"rendered":"Minimalinvasive Zahnherdsanierung mit Laser"},"content":{"rendered":"<p><div class=\"fusion-fullwidth fullwidth-box fusion-builder-row-1 nonhundred-percent-fullwidth non-hundred-percent-height-scrolling\" style=\"--awb-background-position:left top;--awb-border-sizes-top:0px;--awb-border-sizes-bottom:0px;--awb-border-sizes-left:0px;--awb-border-sizes-right:0px;--awb-border-radius-top-left:0px;--awb-border-radius-top-right:0px;--awb-border-radius-bottom-right:0px;--awb-border-radius-bottom-left:0px;--awb-padding-top:4%;--awb-padding-bottom:4%;--awb-flex-wrap:wrap;\" ><div class=\"fusion-builder-row fusion-row\"><div class=\"fusion-layout-column fusion_builder_column fusion-builder-column-0 fusion_builder_column_1_1 1_1 fusion-one-full fusion-column-first fusion-column-last fusion-column-no-min-height\" style=\"--awb-bg-size:cover;\"><div class=\"fusion-column-wrapper fusion-column-has-shadow fusion-flex-column-wrapper-legacy\"><div class=\"fusion-title title fusion-title-1 fusion-sep-none fusion-title-center fusion-title-text fusion-title-size-one\" style=\"--awb-margin-bottom:5px;--awb-margin-right-small:0px;--awb-margin-bottom-small:15px;--awb-margin-left-small:0px;--awb-sep-color:#27885a;--awb-font-size:64px;\"><h1 class=\"fusion-title-heading title-heading-center fusion-responsive-typography-calculated\" style=\"margin:0;font-size:1em;--fontSize:64;line-height:1.45;\">MINIMALINVASIVE ZAHNHERDSANIERUNG MIT LASER<\/h1><\/div><div class=\"fusion-sep-clear\"><\/div><div class=\"fusion-separator\" style=\"margin-left: auto;margin-right: auto;margin-top:10px;margin-bottom:35px;width:100%;max-width:49%;\"><div class=\"fusion-separator-border sep-single sep-solid\" style=\"--awb-height:20px;--awb-amount:20px;--awb-sep-color:#a8dadc;border-color:#a8dadc;border-top-width:1px;\"><\/div><\/div><div class=\"fusion-sep-clear\"><\/div>\n<div class=\"fusion-clearfix\"><\/div><\/div><\/div><div class=\"fusion-layout-column fusion_builder_column fusion-builder-column-1 fusion_builder_column_1_1 1_1 fusion-one-full fusion-column-first fusion-column-last\" style=\"--awb-bg-size:cover;\"><div class=\"fusion-column-wrapper fusion-column-has-shadow fusion-flex-column-wrapper-legacy\"><div class=\"fusion-image-element fusion-image-align-left in-legacy-container\" style=\"text-align:left;--awb-caption-title-font-family:var(--h2_typography-font-family);--awb-caption-title-font-weight:var(--h2_typography-font-weight);--awb-caption-title-font-style:var(--h2_typography-font-style);--awb-caption-title-size:var(--h2_typography-font-size);--awb-caption-title-transform:var(--h2_typography-text-transform);--awb-caption-title-line-height:var(--h2_typography-line-height);--awb-caption-title-letter-spacing:var(--h2_typography-letter-spacing);\"><span class=\" fusion-imageframe imageframe-none imageframe-1 hover-type-zoomin\" style=\"border:3px solid #f9f9f9;margin-right:25px;float:left;\"><img decoding=\"async\" width=\"400\" height=\"252\" alt=\"Zahnarzt-Tegel-Ubbelohde-Laser-Sanierung\" title=\"Zahnarzt-Tegel-Ubbelohde-Laser-Sanierung\" src=\"https:\/\/praxis-ubbelohde.de\/wordpress\/wp-content\/uploads\/2020\/12\/Zahnarzt-Tegel-Ubbelohde-Laser-Sanierung-400x252.jpg\" class=\"img-responsive wp-image-12811\" srcset=\"https:\/\/praxis-ubbelohde.de\/wordpress\/wp-content\/uploads\/2020\/12\/Zahnarzt-Tegel-Ubbelohde-Laser-Sanierung-200x126.jpg 200w, https:\/\/praxis-ubbelohde.de\/wordpress\/wp-content\/uploads\/2020\/12\/Zahnarzt-Tegel-Ubbelohde-Laser-Sanierung-400x252.jpg 400w, https:\/\/praxis-ubbelohde.de\/wordpress\/wp-content\/uploads\/2020\/12\/Zahnarzt-Tegel-Ubbelohde-Laser-Sanierung-600x379.jpg 600w, https:\/\/praxis-ubbelohde.de\/wordpress\/wp-content\/uploads\/2020\/12\/Zahnarzt-Tegel-Ubbelohde-Laser-Sanierung-800x505.jpg 800w, https:\/\/praxis-ubbelohde.de\/wordpress\/wp-content\/uploads\/2020\/12\/Zahnarzt-Tegel-Ubbelohde-Laser-Sanierung.jpg 1100w\" sizes=\"(max-width: 800px) 100vw, 400px\" \/><\/span><\/div><div class=\"fusion-text fusion-text-1\"><p>Das energiereiche Licht des Lasers findet heute in verschiedensten Therapien auch au\u00dferhalb der Zahnheilkunde Einsatzm\u00f6glichkeiten. Schonende, pr\u00e4zise und schnellheilende Aspekte begr\u00fcnden die erg\u00e4nzende Nutzung dieser Technik. Die Vorteile f\u00fcr die Patienten liegen auf der Hand: die Heilung setzt schneller, nachhaltiger und vorhersehbarer ein. Zudem werden diese Therapien auch im Nachhinein als schmerzarmer empfunden. Folgende Anwendungsgebiete stellen sich bei uns der Praxis dar:<\/p>\n<\/div><ul style=\"--awb-size:16px;--awb-iconcolor:#1d3557;--awb-line-height:27.2px;--awb-icon-width:27.2px;--awb-icon-height:27.2px;--awb-icon-margin:11.2px;--awb-content-margin:38.4px;\" class=\"fusion-checklist fusion-checklist-1 fusion-checklist-default type-icons\"><li class=\"fusion-li-item\" style=\"\"><span class=\"icon-wrapper circle-no\"><i class=\"fusion-li-icon fa-check-circle far\" aria-hidden=\"true\"><\/i><\/span><div class=\"fusion-li-item-content\">\n<p>Sanierung beherdeter Z\u00e4hne und Beseitigung von St\u00f6rfeldern an devitalen Z\u00e4hnen<\/p>\n<\/div><\/li><li class=\"fusion-li-item\" style=\"\"><span class=\"icon-wrapper circle-no\"><i class=\"fusion-li-icon fa-check-circle far\" aria-hidden=\"true\"><\/i><\/span><div class=\"fusion-li-item-content\">\n<p>Parodontitis\/Parodontose Behandlung<\/p>\n<\/div><\/li><li class=\"fusion-li-item\" style=\"\"><span class=\"icon-wrapper circle-no\"><i class=\"fusion-li-icon fa-check-circle far\" aria-hidden=\"true\"><\/i><\/span><div class=\"fusion-li-item-content\">\n<p>Herpeslinderung<\/p>\n<\/div><\/li><li class=\"fusion-li-item\" style=\"\"><span class=\"icon-wrapper circle-no\"><i class=\"fusion-li-icon fa-check-circle far\" aria-hidden=\"true\"><\/i><\/span><div class=\"fusion-li-item-content\">\n<p>Zahnpr\u00e4paration zur Aufnahme von festsitzendem Zahnersatz<\/p>\n<\/div><\/li><\/ul><div class=\"fusion-title title fusion-title-2 fusion-sep-none fusion-title-text fusion-title-size-two\" style=\"--awb-margin-top:40px;--awb-margin-bottom:20px;--awb-margin-top-small:0px;--awb-margin-right-small:0px;--awb-margin-bottom-small:20px;--awb-margin-left-small:0px;--awb-font-size:24px;\"><h2 class=\"fusion-title-heading title-heading-left fusion-responsive-typography-calculated\" style=\"margin:0;font-size:1em;--fontSize:24;line-height:1.5;\">LASERBEHANDLUNG<\/h2><\/div><div class=\"fusion-image-element in-legacy-container\" style=\"--awb-caption-title-font-family:var(--h2_typography-font-family);--awb-caption-title-font-weight:var(--h2_typography-font-weight);--awb-caption-title-font-style:var(--h2_typography-font-style);--awb-caption-title-size:var(--h2_typography-font-size);--awb-caption-title-transform:var(--h2_typography-text-transform);--awb-caption-title-line-height:var(--h2_typography-line-height);--awb-caption-title-letter-spacing:var(--h2_typography-letter-spacing);\"><span class=\" fusion-imageframe imageframe-none imageframe-2 hover-type-zoomin yamera-image-right\" style=\"border:3px solid #f9f9f9;\"><img decoding=\"async\" width=\"400\" height=\"267\" alt=\"Zahnarzt-Tegel-Ubbelohde-Laser\" title=\"Zahnarzt-Tegel-Ubbelohde-Laser\" src=\"https:\/\/praxis-ubbelohde.de\/wordpress\/wp-content\/uploads\/2020\/12\/Zahnarzt-Tegel-Ubbelohde-Laser-400x267.jpg\" class=\"img-responsive wp-image-12808\" srcset=\"https:\/\/praxis-ubbelohde.de\/wordpress\/wp-content\/uploads\/2020\/12\/Zahnarzt-Tegel-Ubbelohde-Laser-200x133.jpg 200w, https:\/\/praxis-ubbelohde.de\/wordpress\/wp-content\/uploads\/2020\/12\/Zahnarzt-Tegel-Ubbelohde-Laser-400x267.jpg 400w, https:\/\/praxis-ubbelohde.de\/wordpress\/wp-content\/uploads\/2020\/12\/Zahnarzt-Tegel-Ubbelohde-Laser-600x400.jpg 600w, https:\/\/praxis-ubbelohde.de\/wordpress\/wp-content\/uploads\/2020\/12\/Zahnarzt-Tegel-Ubbelohde-Laser-800x534.jpg 800w, https:\/\/praxis-ubbelohde.de\/wordpress\/wp-content\/uploads\/2020\/12\/Zahnarzt-Tegel-Ubbelohde-Laser.jpg 1100w\" sizes=\"(max-width: 800px) 100vw, 400px\" \/><\/span><\/div><div class=\"fusion-text fusion-text-2\"><p>Bei der Zahnherdsanierung in Begleitung mit einer Wurzelkanalbehandlung eines chronisch entz\u00fcndeten Zahnes erreichen wir durch den Lasereinsatz eine nahezu komplette Sterilisierung der Wurzelkan\u00e4le bis in die kleinsten Verzweigungen hinein. Dies ist umso interessanter, da man mit noch so biegsamen und elastischen Mikroinstrumenten die feinen Seitenkan\u00e4le nur unvollst\u00e4ndig erreichen kann.<\/p>\n<p>Bakteriendichte, stabile und biokompatible Aufbauf\u00fcllungen verhindern im Anschluss eine Neubesiedlung der Kan\u00e4le mit entz\u00fcndungsf\u00f6rdernden Keimen.<\/p>\n<p>Bei der Parodontose oder Parodontitis Therapie erreichen wir eine zus\u00e4tzlich nachhaltige Keimreduktion in den Zahnfleischtaschen. Hier \u201ekoppelt\u201c das Licht mit einer speziellen Wellenl\u00e4nge genau an die Strukturen der Bakterien an und f\u00fchrt zu deren Vernichtung. Diese Methode hat erfreulicherweise zur Folge, dass die gesamte Behandlungsma\u00dfnahme weniger belastend und minimalinvasiv erfolgen kann.<\/p>\n<p>Bei der Behandlung der l\u00e4stigen und hochinfekti\u00f6sen Herpesbl\u00e4schen k\u00f6nnen wir ohne Ber\u00fchrung der sehr schmerzhaften Gewebestrukturen insbesondere in der Fr\u00fchphase der Behandlung auch die Herpesviren bek\u00e4mpfen, sodass das Juckgef\u00fchl und die Erkrankungsdauer deutlich reduziert werden k\u00f6nnen.<\/p>\n<p>Bei der pr\u00e4zisen Vorbereitung und Pr\u00e4paration von Zahnst\u00fcmpfen zur Aufnahme von festsitzenden vollkeramischen Kronen und Br\u00fccken unterst\u00fctzt der Laser eine pr\u00e4zise Herstellung des Zahnersatzes und eine Schonung des Zahnfleisches um den Zahn herum. Der Scan der vorbereiteten Z\u00e4hne zur Vorbereitung einer digitalen Herstellung eines Zahnersatzes ist dadurch deutlich genauer m\u00f6glich.<\/p>\n<\/div><div class=\"fusion-clearfix\"><\/div><\/div><\/div><\/div><\/div><div id=\"#wws\" class=\"fusion-container-anchor\"><div class=\"fusion-bg-parallax\" data-bg-align=\"center center\" data-direction=\"up\" data-mute=\"false\" data-opacity=\"100\" data-velocity=\"-0.4\" data-mobile-enabled=\"false\" data-break_parents=\"0\" data-bg-image=\"https:\/\/praxis-ubbelohde.de\/wordpress\/wp-content\/uploads\/2017\/02\/Praxis-Ubbelohde-slider-ZAHNHERDSANIERUNG-UND-LASERSYSTEME.jpg\" data-bg-repeat=\"false\" ><\/div><div class=\"fusion-fullwidth fullwidth-box fusion-builder-row-2 fusion-parallax-up hundred-percent-fullwidth non-hundred-percent-height-scrolling\" style=\"--awb-border-sizes-top:0px;--awb-border-sizes-bottom:0px;--awb-border-sizes-left:0px;--awb-border-sizes-right:0px;--awb-border-color:#f8f8f8;--awb-border-radius-top-left:0px;--awb-border-radius-top-right:0px;--awb-border-radius-bottom-right:0px;--awb-border-radius-bottom-left:0px;--awb-padding-right:4%;--awb-padding-left:4%;--awb-background-image:url(&quot;https:\/\/praxis-ubbelohde.de\/wordpress\/wp-content\/uploads\/2017\/02\/Praxis-Ubbelohde-slider-ZAHNHERDSANIERUNG-UND-LASERSYSTEME.jpg&quot;);--awb-background-size:cover;--awb-flex-wrap:wrap;\" ><div class=\"fusion-builder-row fusion-row\"><div class=\"fusion-layout-column fusion_builder_column fusion-builder-column-2 fusion_builder_column_1_1 1_1 fusion-one-full fusion-column-first fusion-column-last\" style=\"--awb-bg-size:cover;\"><div class=\"fusion-column-wrapper fusion-column-has-shadow fusion-flex-column-wrapper-legacy\"><div class=\"fusion-section-separator section-separator waves-opacity fusion-section-separator-1\" style=\"--awb-spacer-padding-top:21.09375%;--awb-svg-margin-left:0;--awb-svg-margin-right:0;--awb-sep-font-size:0;--awb-sep-line-height:0;\"><div class=\"fusion-section-separator-svg\"><svg class=\"fusion-waves-opacity-candy\" xmlns=\"http:\/\/www.w3.org\/2000\/svg\" version=\"1.1\" width=\"100%\" viewBox=\"0 1 1024 216\" preserveAspectRatio=\"none\" fill=\"rgba(255,255,255,1)\"><path class=\"st0\" d=\"M0 215.4c19.4.5 38.7 1.6 57.7.3 206.6-15 248.5-126.6 455-143.8 184.8-15.5 285.7 60.9 464.3 41.3 16.9-1.8 32.5-4.4 47.1-7.6L1024 .4H0v215z\"\/>\n\t\t\t\t\t\t\t\t\t\t<path class=\"st1\" d=\"M0 196.4c30.2 1.6 59.6 1.6 86.8-.4C293.4 180.9 284.1 73.4 490.7 56.2c184.9-15.5 278.5 58.2 457.1 38.4 28.3-3.2 53.5-8.2 76.2-14.6V.256H0V196.4z\"\/>\n\t\t\t\t\t\t\t\t\t\t<path class=\"st2\" d=\"M0 169.8c22.2.3 43.8-.2 64.2-1.7C270.8 153.1 262 55.6 468.6 38.4 653.4 22.9 695.4 89.5 874 69.7c54.8-6 104.9-18.3 150-33.7V.256H0V169.8z\"\/>\n\t\t\t\t\t\t\t\t\t\t<path class=\"st3\" d=\"M0 162.1c4-.2 8-.4 11.9-.7C218.4 146.3 239.8 37 446.4 19.8 631.3 4.3 672.7 60.9 851.3 41.1c64-7.2 121.9-20.8 172.7-37.9V.156H0V162.1z\"\/>\n\t\t\t\t\t\t\t\t\t<\/svg><\/div><div class=\"fusion-section-separator-spacer\"><div class=\"fusion-section-separator-spacer-height\"><\/div><\/div><\/div><div class=\"fusion-clearfix\"><\/div><\/div><\/div><div class=\"fusion-layout-column fusion_builder_column fusion-builder-column-3 fusion_builder_column_1_1 1_1 fusion-one-full fusion-column-first fusion-column-last fusion-column-no-min-height\" style=\"--awb-bg-size:cover;--awb-margin-bottom:0px;\"><div class=\"fusion-column-wrapper fusion-column-has-shadow fusion-flex-column-wrapper-legacy\"><div class=\"fusion-title title fusion-title-3 fusion-sep-none fusion-title-center fusion-title-text fusion-title-size-two\" style=\"--awb-text-color:#ffffff;--awb-margin-top-small:0px;--awb-margin-right-small:0px;--awb-margin-bottom-small:20px;--awb-margin-left-small:0px;\"><h2 class=\"fusion-title-heading title-heading-center fusion-responsive-typography-calculated\" style=\"font-family:&quot;Dosis&quot;;font-style:normal;font-weight:500;margin:0;--fontSize:18;--minFontSize:18;line-height:1.5;text-shadow:1px 1px 3px #1d3557;\">ZAHNARZT TEGEL \/ REINICKENDORF \u2013<br \/>\nWIR K\u00dcMMERN UNS KOMPETENT UM DIE GESUNDHEIT UND SCH\u00d6NHEIT IHRER Z\u00c4HNE.<\/h2><\/div><div class=\"fusion-clearfix\"><\/div><\/div><\/div><div class=\"fusion-layout-column fusion_builder_column fusion-builder-column-4 fusion_builder_column_1_1 1_1 fusion-one-full fusion-column-first fusion-column-last\" style=\"--awb-bg-size:cover;--awb-margin-bottom:0px;\"><div class=\"fusion-column-wrapper fusion-column-has-shadow fusion-flex-column-wrapper-legacy\"><div class=\"fusion-section-separator section-separator waves-opacity fusion-section-separator-2\" style=\"--awb-spacer-padding-top:21.09375%;--awb-svg-margin-left:0;--awb-svg-margin-right:0;--awb-sep-font-size:0;--awb-sep-line-height:0;\"><div class=\"fusion-section-separator-svg\"><svg class=\"fusion-waves-opacity-candy\" xmlns=\"http:\/\/www.w3.org\/2000\/svg\" version=\"1.1\" width=\"100%\" viewBox=\"0 0 1024 216\" preserveAspectRatio=\"none\" fill=\"rgba(255,255,255,1)\"><path class=\"st0\" d=\"M1024.1 1.068c-19.4-.5-38.7-1.6-57.7-.3-206.6 15-248.5 126.6-455 143.8-184.8 15.5-285.7-60.9-464.3-41.3-16.9 1.8-32.5 4.4-47.1 7.6l.1 105.2h1024v-215z\"\/>\n\t\t\t\t\t\t\t\t\t\t<path class=\"st1\" d=\"M1024.1 20.068c-30.2-1.6-59.6-1.6-86.8.4-206.6 15.1-197.3 122.6-403.9 139.8-184.9 15.5-278.5-58.2-457.1-38.4-28.3 3.2-53.5 8.2-76.2 14.6v79.744h1024V20.068z\"\/>\n\t\t\t\t\t\t\t\t\t\t<path class=\"st2\" d=\"M1024.1 46.668c-22.2-.3-43.8.2-64.2 1.7-206.6 15-197.8 112.5-404.4 129.7-184.8 15.5-226.8-51.1-405.4-31.3-54.8 6-104.9 18.3-150 33.7v35.744h1024V46.668z\"\/>\n\t\t\t\t\t\t\t\t\t\t<path class=\"st3\" d=\"M1024.1 54.368c-4 .2-8 .4-11.9.7-206.5 15.1-227.9 124.4-434.5 141.6-184.9 15.5-226.3-41.1-404.9-21.3-64 7.2-121.9 20.8-172.7 37.9v3.044h1024V54.368z\"\/>\n\t\t\t\t\t\t\t\t\t<\/svg><\/div><div class=\"fusion-section-separator-spacer\"><div class=\"fusion-section-separator-spacer-height\"><\/div><\/div><\/div><div class=\"fusion-clearfix\"><\/div><\/div><\/div><\/div><\/div><\/div><\/p>\n","protected":false},"excerpt":{"rendered":"","protected":false},"author":1,"featured_media":0,"parent":0,"menu_order":0,"comment_status":"closed","ping_status":"closed","template":"100-width.php","meta":{"footnotes":""},"class_list":["post-12646","page","type-page","status-publish","hentry"],"yoast_head":"<!-- This site is optimized with the Yoast SEO plugin v27.4 - https:\/\/yoast.com\/product\/yoast-seo-wordpress\/ -->\n<title>Laserzahnheilkunde \u2013 schonende chirurgische Behandlung<\/title>\n<meta name=\"description\" content=\"Karies mit hochpr\u00e4zisem Laserlicht entfernen, Verf\u00e4rbungen der Z\u00e4hne beseitigen \u2013 die Laser-Anwendungsgebiete in der modernen Zahnmedizin.\" \/>\n<meta name=\"robots\" content=\"index, follow, max-snippet:-1, max-image-preview:large, max-video-preview:-1\" \/>\n<link rel=\"canonical\" href=\"https:\/\/praxis-ubbelohde.de\/wordpress\/minimalinvasive-zahnherdsanierung-mit-laser\/\" \/>\n<meta property=\"og:locale\" content=\"en_US\" \/>\n<meta property=\"og:type\" content=\"article\" \/>\n<meta property=\"og:title\" content=\"Laserzahnheilkunde \u2013 schonende chirurgische Behandlung\" \/>\n<meta property=\"og:description\" content=\"Karies mit hochpr\u00e4zisem Laserlicht entfernen, Verf\u00e4rbungen der Z\u00e4hne beseitigen \u2013 die Laser-Anwendungsgebiete in der modernen Zahnmedizin.\" \/>\n<meta property=\"og:url\" content=\"https:\/\/praxis-ubbelohde.de\/wordpress\/minimalinvasive-zahnherdsanierung-mit-laser\/\" \/>\n<meta property=\"og:site_name\" content=\"Praxis Ubbelohde\" \/>\n<meta property=\"article:publisher\" content=\"https:\/\/www.facebook.com\/zahnarztpraxis.ubbelohde\" \/>\n<meta property=\"article:modified_time\" content=\"2024-06-14T17:51:07+00:00\" \/>\n<meta property=\"og:image\" content=\"https:\/\/praxis-ubbelohde.de\/wordpress\/wp-content\/uploads\/2022\/05\/Zahnarzt-Ubbelohde-Tegel-Reinickendorf.png\" \/>\n\t<meta property=\"og:image:width\" content=\"500\" \/>\n\t<meta property=\"og:image:height\" content=\"500\" \/>\n\t<meta property=\"og:image:type\" content=\"image\/png\" \/>\n<meta name=\"twitter:card\" content=\"summary_large_image\" \/>\n<meta name=\"twitter:label1\" content=\"Est. reading time\" \/>\n\t<meta name=\"twitter:data1\" content=\"6 minutes\" \/>\n<script type=\"application\/ld+json\" class=\"yoast-schema-graph\">{\"@context\":\"https:\\\/\\\/schema.org\",\"@graph\":[{\"@type\":\"WebPage\",\"@id\":\"https:\\\/\\\/praxis-ubbelohde.de\\\/wordpress\\\/minimalinvasive-zahnherdsanierung-mit-laser\\\/\",\"url\":\"https:\\\/\\\/praxis-ubbelohde.de\\\/wordpress\\\/minimalinvasive-zahnherdsanierung-mit-laser\\\/\",\"name\":\"Laserzahnheilkunde \u2013 schonende chirurgische Behandlung\",\"isPartOf\":{\"@id\":\"https:\\\/\\\/praxis-ubbelohde.de\\\/wordpress\\\/#website\"},\"datePublished\":\"2020-06-07T12:39:12+00:00\",\"dateModified\":\"2024-06-14T17:51:07+00:00\",\"description\":\"Karies mit hochpr\u00e4zisem Laserlicht entfernen, Verf\u00e4rbungen der Z\u00e4hne beseitigen \u2013 die Laser-Anwendungsgebiete in der modernen Zahnmedizin.\",\"breadcrumb\":{\"@id\":\"https:\\\/\\\/praxis-ubbelohde.de\\\/wordpress\\\/minimalinvasive-zahnherdsanierung-mit-laser\\\/#breadcrumb\"},\"inLanguage\":\"en-US\",\"potentialAction\":[{\"@type\":\"ReadAction\",\"target\":[\"https:\\\/\\\/praxis-ubbelohde.de\\\/wordpress\\\/minimalinvasive-zahnherdsanierung-mit-laser\\\/\"]}]},{\"@type\":\"BreadcrumbList\",\"@id\":\"https:\\\/\\\/praxis-ubbelohde.de\\\/wordpress\\\/minimalinvasive-zahnherdsanierung-mit-laser\\\/#breadcrumb\",\"itemListElement\":[{\"@type\":\"ListItem\",\"position\":1,\"name\":\"Home\",\"item\":\"https:\\\/\\\/praxis-ubbelohde.de\\\/wordpress\\\/\"},{\"@type\":\"ListItem\",\"position\":2,\"name\":\"Minimalinvasive Zahnherdsanierung mit Laser\"}]},{\"@type\":\"WebSite\",\"@id\":\"https:\\\/\\\/praxis-ubbelohde.de\\\/wordpress\\\/#website\",\"url\":\"https:\\\/\\\/praxis-ubbelohde.de\\\/wordpress\\\/\",\"name\":\"Praxis Ubbelohde\",\"description\":\"Praxis Ubbelohde\",\"publisher\":{\"@id\":\"https:\\\/\\\/praxis-ubbelohde.de\\\/wordpress\\\/#organization\"},\"potentialAction\":[{\"@type\":\"SearchAction\",\"target\":{\"@type\":\"EntryPoint\",\"urlTemplate\":\"https:\\\/\\\/praxis-ubbelohde.de\\\/wordpress\\\/?s={search_term_string}\"},\"query-input\":{\"@type\":\"PropertyValueSpecification\",\"valueRequired\":true,\"valueName\":\"search_term_string\"}}],\"inLanguage\":\"en-US\"},{\"@type\":\"Organization\",\"@id\":\"https:\\\/\\\/praxis-ubbelohde.de\\\/wordpress\\\/#organization\",\"name\":\"Zahnarzt Tegel \\\/ Reinickendorf\",\"url\":\"https:\\\/\\\/praxis-ubbelohde.de\\\/wordpress\\\/\",\"logo\":{\"@type\":\"ImageObject\",\"inLanguage\":\"en-US\",\"@id\":\"https:\\\/\\\/praxis-ubbelohde.de\\\/wordpress\\\/#\\\/schema\\\/logo\\\/image\\\/\",\"url\":\"https:\\\/\\\/praxis-ubbelohde.de\\\/wordpress\\\/wp-content\\\/uploads\\\/2022\\\/05\\\/Zahnarzt-Ubbelohde-Tegel-Reinickendorf.png\",\"contentUrl\":\"https:\\\/\\\/praxis-ubbelohde.de\\\/wordpress\\\/wp-content\\\/uploads\\\/2022\\\/05\\\/Zahnarzt-Ubbelohde-Tegel-Reinickendorf.png\",\"width\":500,\"height\":500,\"caption\":\"Zahnarzt Tegel \\\/ Reinickendorf\"},\"image\":{\"@id\":\"https:\\\/\\\/praxis-ubbelohde.de\\\/wordpress\\\/#\\\/schema\\\/logo\\\/image\\\/\"},\"sameAs\":[\"https:\\\/\\\/www.facebook.com\\\/zahnarztpraxis.ubbelohde\",\"https:\\\/\\\/www.instagram.com\\\/zahnarztpraxis.ubbelohde\"]}]}<\/script>\n<!-- \/ Yoast SEO plugin. -->","yoast_head_json":{"title":"Laserzahnheilkunde \u2013 schonende chirurgische Behandlung","description":"Karies mit hochpr\u00e4zisem Laserlicht entfernen, Verf\u00e4rbungen der Z\u00e4hne beseitigen \u2013 die Laser-Anwendungsgebiete in der modernen Zahnmedizin.","robots":{"index":"index","follow":"follow","max-snippet":"max-snippet:-1","max-image-preview":"max-image-preview:large","max-video-preview":"max-video-preview:-1"},"canonical":"https:\/\/praxis-ubbelohde.de\/wordpress\/minimalinvasive-zahnherdsanierung-mit-laser\/","og_locale":"en_US","og_type":"article","og_title":"Laserzahnheilkunde \u2013 schonende chirurgische Behandlung","og_description":"Karies mit hochpr\u00e4zisem Laserlicht entfernen, Verf\u00e4rbungen der Z\u00e4hne beseitigen \u2013 die Laser-Anwendungsgebiete in der modernen Zahnmedizin.","og_url":"https:\/\/praxis-ubbelohde.de\/wordpress\/minimalinvasive-zahnherdsanierung-mit-laser\/","og_site_name":"Praxis Ubbelohde","article_publisher":"https:\/\/www.facebook.com\/zahnarztpraxis.ubbelohde","article_modified_time":"2024-06-14T17:51:07+00:00","og_image":[{"width":500,"height":500,"url":"https:\/\/praxis-ubbelohde.de\/wordpress\/wp-content\/uploads\/2022\/05\/Zahnarzt-Ubbelohde-Tegel-Reinickendorf.png","type":"image\/png"}],"twitter_card":"summary_large_image","twitter_misc":{"Est. reading time":"6 minutes"},"schema":{"@context":"https:\/\/schema.org","@graph":[{"@type":"WebPage","@id":"https:\/\/praxis-ubbelohde.de\/wordpress\/minimalinvasive-zahnherdsanierung-mit-laser\/","url":"https:\/\/praxis-ubbelohde.de\/wordpress\/minimalinvasive-zahnherdsanierung-mit-laser\/","name":"Laserzahnheilkunde \u2013 schonende chirurgische Behandlung","isPartOf":{"@id":"https:\/\/praxis-ubbelohde.de\/wordpress\/#website"},"datePublished":"2020-06-07T12:39:12+00:00","dateModified":"2024-06-14T17:51:07+00:00","description":"Karies mit hochpr\u00e4zisem Laserlicht entfernen, Verf\u00e4rbungen der Z\u00e4hne beseitigen \u2013 die Laser-Anwendungsgebiete in der modernen Zahnmedizin.","breadcrumb":{"@id":"https:\/\/praxis-ubbelohde.de\/wordpress\/minimalinvasive-zahnherdsanierung-mit-laser\/#breadcrumb"},"inLanguage":"en-US","potentialAction":[{"@type":"ReadAction","target":["https:\/\/praxis-ubbelohde.de\/wordpress\/minimalinvasive-zahnherdsanierung-mit-laser\/"]}]},{"@type":"BreadcrumbList","@id":"https:\/\/praxis-ubbelohde.de\/wordpress\/minimalinvasive-zahnherdsanierung-mit-laser\/#breadcrumb","itemListElement":[{"@type":"ListItem","position":1,"name":"Home","item":"https:\/\/praxis-ubbelohde.de\/wordpress\/"},{"@type":"ListItem","position":2,"name":"Minimalinvasive Zahnherdsanierung mit Laser"}]},{"@type":"WebSite","@id":"https:\/\/praxis-ubbelohde.de\/wordpress\/#website","url":"https:\/\/praxis-ubbelohde.de\/wordpress\/","name":"Praxis Ubbelohde","description":"Praxis Ubbelohde","publisher":{"@id":"https:\/\/praxis-ubbelohde.de\/wordpress\/#organization"},"potentialAction":[{"@type":"SearchAction","target":{"@type":"EntryPoint","urlTemplate":"https:\/\/praxis-ubbelohde.de\/wordpress\/?s={search_term_string}"},"query-input":{"@type":"PropertyValueSpecification","valueRequired":true,"valueName":"search_term_string"}}],"inLanguage":"en-US"},{"@type":"Organization","@id":"https:\/\/praxis-ubbelohde.de\/wordpress\/#organization","name":"Zahnarzt Tegel \/ Reinickendorf","url":"https:\/\/praxis-ubbelohde.de\/wordpress\/","logo":{"@type":"ImageObject","inLanguage":"en-US","@id":"https:\/\/praxis-ubbelohde.de\/wordpress\/#\/schema\/logo\/image\/","url":"https:\/\/praxis-ubbelohde.de\/wordpress\/wp-content\/uploads\/2022\/05\/Zahnarzt-Ubbelohde-Tegel-Reinickendorf.png","contentUrl":"https:\/\/praxis-ubbelohde.de\/wordpress\/wp-content\/uploads\/2022\/05\/Zahnarzt-Ubbelohde-Tegel-Reinickendorf.png","width":500,"height":500,"caption":"Zahnarzt Tegel \/ Reinickendorf"},"image":{"@id":"https:\/\/praxis-ubbelohde.de\/wordpress\/#\/schema\/logo\/image\/"},"sameAs":["https:\/\/www.facebook.com\/zahnarztpraxis.ubbelohde","https:\/\/www.instagram.com\/zahnarztpraxis.ubbelohde"]}]}},"_links":{"self":[{"href":"https:\/\/praxis-ubbelohde.de\/wordpress\/wp-json\/wp\/v2\/pages\/12646","targetHints":{"allow":["GET"]}}],"collection":[{"href":"https:\/\/praxis-ubbelohde.de\/wordpress\/wp-json\/wp\/v2\/pages"}],"about":[{"href":"https:\/\/praxis-ubbelohde.de\/wordpress\/wp-json\/wp\/v2\/types\/page"}],"author":[{"embeddable":true,"href":"https:\/\/praxis-ubbelohde.de\/wordpress\/wp-json\/wp\/v2\/users\/1"}],"replies":[{"embeddable":true,"href":"https:\/\/praxis-ubbelohde.de\/wordpress\/wp-json\/wp\/v2\/comments?post=12646"}],"version-history":[{"count":1,"href":"https:\/\/praxis-ubbelohde.de\/wordpress\/wp-json\/wp\/v2\/pages\/12646\/revisions"}],"predecessor-version":[{"id":18116,"href":"https:\/\/praxis-ubbelohde.de\/wordpress\/wp-json\/wp\/v2\/pages\/12646\/revisions\/18116"}],"wp:attachment":[{"href":"https:\/\/praxis-ubbelohde.de\/wordpress\/wp-json\/wp\/v2\/media?parent=12646"}],"curies":[{"name":"wp","href":"https:\/\/api.w.org\/{rel}","templated":true}]}}