{"id":12661,"date":"2020-06-08T09:56:27","date_gmt":"2020-06-08T07:56:27","guid":{"rendered":"https:\/\/praxis-ubbelohde.de\/?page_id=12661"},"modified":"2024-06-14T19:57:42","modified_gmt":"2024-06-14T17:57:42","slug":"cerec-vollkeramik-system-ohne-abformung-digitaler-workflow-keramische-fuellungen-und-zahnersatz","status":"publish","type":"page","link":"https:\/\/praxis-ubbelohde.de\/wordpress\/cerec-vollkeramik-system-ohne-abformung-digitaler-workflow-keramische-fuellungen-und-zahnersatz\/","title":{"rendered":"Cerec Vollkeramik &#8211; System ohne Abformung Digitaler Workflow Keramische F\u00fcllungen und Zahnersatz"},"content":{"rendered":"<p><div class=\"fusion-fullwidth fullwidth-box fusion-builder-row-1 nonhundred-percent-fullwidth non-hundred-percent-height-scrolling\" style=\"--awb-background-position:left top;--awb-border-sizes-top:0px;--awb-border-sizes-bottom:0px;--awb-border-sizes-left:0px;--awb-border-sizes-right:0px;--awb-border-radius-top-left:0px;--awb-border-radius-top-right:0px;--awb-border-radius-bottom-right:0px;--awb-border-radius-bottom-left:0px;--awb-padding-top:4%;--awb-padding-bottom:4%;--awb-flex-wrap:wrap;\" ><div class=\"fusion-builder-row fusion-row\"><div class=\"fusion-layout-column fusion_builder_column fusion-builder-column-0 fusion_builder_column_1_1 1_1 fusion-one-full fusion-column-first fusion-column-last fusion-column-no-min-height\" style=\"--awb-bg-size:cover;\"><div class=\"fusion-column-wrapper fusion-column-has-shadow fusion-flex-column-wrapper-legacy\"><div class=\"fusion-title title fusion-title-1 fusion-sep-none fusion-title-center fusion-title-text fusion-title-size-two\" style=\"--awb-margin-bottom:5px;--awb-margin-right-small:0px;--awb-margin-bottom-small:15px;--awb-margin-left-small:0px;--awb-sep-color:#27885a;--awb-font-size:64px;\"><h2 class=\"fusion-title-heading title-heading-center fusion-responsive-typography-calculated\" style=\"margin:0;font-size:1em;--fontSize:64;line-height:1.5;\">DIGITALER WORKFLOW \u2013 VOLLKERAMIK CEREC<\/h2><\/div><div class=\"fusion-sep-clear\"><\/div><div class=\"fusion-separator\" style=\"margin-left: auto;margin-right: auto;margin-top:10px;margin-bottom:35px;width:100%;max-width:49%;\"><div class=\"fusion-separator-border sep-single sep-solid\" style=\"--awb-height:20px;--awb-amount:20px;--awb-sep-color:#a8dadc;border-color:#a8dadc;border-top-width:1px;\"><\/div><\/div><div class=\"fusion-sep-clear\"><\/div>\n<div class=\"fusion-title title fusion-title-2 fusion-sep-none fusion-title-center fusion-title-text fusion-title-size-three\" style=\"--awb-margin-top:40px;--awb-margin-bottom:20px;--awb-margin-top-small:0px;--awb-margin-right-small:0px;--awb-margin-bottom-small:20px;--awb-margin-left-small:0px;--awb-font-size:24px;\"><h3 class=\"fusion-title-heading title-heading-center fusion-responsive-typography-calculated\" style=\"margin:0;font-size:1em;--fontSize:24;line-height:1.41;\">VOLLKERAMISCHE F\u00dcLLUNGEN UND ZAHNERSATZ<\/h3><\/div><div class=\"fusion-clearfix\"><\/div><\/div><\/div><div class=\"fusion-layout-column fusion_builder_column fusion-builder-column-1 fusion_builder_column_1_1 1_1 fusion-one-full fusion-column-first fusion-column-last\" style=\"--awb-bg-size:cover;\"><div class=\"fusion-column-wrapper fusion-column-has-shadow fusion-flex-column-wrapper-legacy\"><div class=\"fusion-image-element fusion-image-align-left in-legacy-container\" style=\"text-align:left;--awb-caption-title-font-family:var(--h2_typography-font-family);--awb-caption-title-font-weight:var(--h2_typography-font-weight);--awb-caption-title-font-style:var(--h2_typography-font-style);--awb-caption-title-size:var(--h2_typography-font-size);--awb-caption-title-transform:var(--h2_typography-text-transform);--awb-caption-title-line-height:var(--h2_typography-line-height);--awb-caption-title-letter-spacing:var(--h2_typography-letter-spacing);\"><span class=\" fusion-imageframe imageframe-none imageframe-1 hover-type-zoomin\" style=\"border:3px solid #f9f9f9;margin-right:25px;float:left;\"><img decoding=\"async\" width=\"400\" height=\"279\" alt=\"Zahnarzt-Tegel-Ubbelohde-CEREC\" title=\"Zahnarzt-Tegel-Ubbelohde-CEREC\" src=\"https:\/\/praxis-ubbelohde.de\/wordpress\/wp-content\/uploads\/2020\/06\/Zahnarzt-Tegel-Ubbelohde-CEREC-400x279.jpg\" class=\"img-responsive wp-image-12588\" srcset=\"https:\/\/praxis-ubbelohde.de\/wordpress\/wp-content\/uploads\/2020\/06\/Zahnarzt-Tegel-Ubbelohde-CEREC-200x140.jpg 200w, https:\/\/praxis-ubbelohde.de\/wordpress\/wp-content\/uploads\/2020\/06\/Zahnarzt-Tegel-Ubbelohde-CEREC-400x279.jpg 400w, https:\/\/praxis-ubbelohde.de\/wordpress\/wp-content\/uploads\/2020\/06\/Zahnarzt-Tegel-Ubbelohde-CEREC-600x419.jpg 600w, https:\/\/praxis-ubbelohde.de\/wordpress\/wp-content\/uploads\/2020\/06\/Zahnarzt-Tegel-Ubbelohde-CEREC-800x559.jpg 800w, https:\/\/praxis-ubbelohde.de\/wordpress\/wp-content\/uploads\/2020\/06\/Zahnarzt-Tegel-Ubbelohde-CEREC.jpg 1157w\" sizes=\"(max-width: 800px) 100vw, 400px\" \/><\/span><\/div><div class=\"fusion-title title fusion-title-3 fusion-sep-none fusion-title-text fusion-title-size-two\" style=\"--awb-margin-top:40px;--awb-margin-bottom:20px;--awb-margin-top-small:0px;--awb-margin-right-small:0px;--awb-margin-bottom-small:20px;--awb-margin-left-small:0px;--awb-font-size:24px;\"><h2 class=\"fusion-title-heading title-heading-left fusion-responsive-typography-calculated\" style=\"margin:0;font-size:1em;--fontSize:24;line-height:1.5;\">DIGITALE ZAHNHEILKUNDE BEI IHREM ZAHNARZT TEGEL\/REINICKENDORF<\/h2><\/div><div class=\"fusion-text fusion-text-1\"><p>Die deutliche Zunahme chronischer Erkrankungen und Allergien bedingen den Wunsch vieler Patienten nach einem neutralen biokompatiblen Zahnersatz. Metallfreie F\u00fcllungen, Stiftaufbauten, Kronen und Br\u00fccken zeichnen eine ganzheitlich orientierte Zahnarztpraxis aus. Zudem ist der Pr\u00e4parationsaufwand und das Abschleifen der Z\u00e4hne deutlich geringer. Ein minimalinvasives Vorgehen im Zuge der Herstellung von Zahnersatz bedingt auch weniger Beschwerden und eine leichtere Gew\u00f6hnung an die \u201eneuen Z\u00e4hne\u201c. In dem Behandlungstermin wird der Zahn gescannt. Eine Abformung ist nicht mehr notwendig. Hier\u00fcber freuen sich insbesondere Patienten mit W\u00fcrgereizproblemen. Am Computer werden die Restaurationen entworfen und in einer 3D-Schleifmaschine in wenigen Minuten gefr\u00e4st. Es gelingt uns h\u00e4ufig, mit Hilfe einer sehr pr\u00e4zisen Zeitplanung, Kronen und Br\u00fccken in einer Sitzung herzustellen! Die Einlagef\u00fcllungen\/Inlays sowie der Zahnersatz werden im Allgemeinen nicht mehr zementiert, sondern in einem aufwendigen, sehr speziellen Verfahren mit den nat\u00fcrlichen Z\u00e4hnen\u00a0 \u201everschmolzen\u201c. Es entsteht also eine direkte Verbindung zwischen der Keramik und Zahnsubstanz, die bakteriendicht ist! Das Resultat ist eine schnellere und nachhaltigere Gew\u00f6hnung des Zahnfleisches an dieses Material, so dass Zahnfleischr\u00fcckgang sp\u00fcrbar reduziert und vermieden werden kann. Dass die Z\u00e4hne dann sehr nat\u00fcrlich und wundersch\u00f6n aussehen, sollte nat\u00fcrlich nicht unerw\u00e4hnt bleiben. Im Alltag zeigt sich, dass Speisereste nicht mehr h\u00e4ngen bleiben, sich die Z\u00e4hne besser reinigen lassen und Patienten schnell vergessen, dass es nicht ihre urspr\u00fcnglichen Z\u00e4hne sind.<\/p>\n<\/div><div class=\"fusion-clearfix\"><\/div><\/div><\/div><\/div><\/div><div id=\"#wws\" class=\"fusion-container-anchor\"><div class=\"fusion-bg-parallax\" data-bg-align=\"center top\" data-direction=\"up\" data-mute=\"false\" data-opacity=\"100\" data-velocity=\"-0.4\" data-mobile-enabled=\"false\" data-break_parents=\"0\" data-bg-image=\"https:\/\/praxis-ubbelohde.de\/wordpress\/wp-content\/uploads\/2020\/06\/Zahnarzt-Tegel-Ubbelohde-CEREC-Digitale-Zahnheilkunde.jpg\" data-bg-repeat=\"false\" ><\/div><div class=\"fusion-fullwidth fullwidth-box fusion-builder-row-2 fusion-parallax-up hundred-percent-fullwidth non-hundred-percent-height-scrolling\" style=\"--awb-background-position:center top;--awb-border-sizes-top:0px;--awb-border-sizes-bottom:0px;--awb-border-sizes-left:0px;--awb-border-sizes-right:0px;--awb-border-color:#f8f8f8;--awb-border-radius-top-left:0px;--awb-border-radius-top-right:0px;--awb-border-radius-bottom-right:0px;--awb-border-radius-bottom-left:0px;--awb-padding-right:4%;--awb-padding-left:4%;--awb-background-image:url(&quot;https:\/\/praxis-ubbelohde.de\/wordpress\/wp-content\/uploads\/2020\/06\/Zahnarzt-Tegel-Ubbelohde-CEREC-Digitale-Zahnheilkunde.jpg&quot;);--awb-background-size:cover;--awb-flex-wrap:wrap;\" ><div class=\"fusion-builder-row fusion-row\"><div class=\"fusion-layout-column fusion_builder_column fusion-builder-column-2 fusion_builder_column_1_1 1_1 fusion-one-full fusion-column-first fusion-column-last\" style=\"--awb-bg-size:cover;\"><div class=\"fusion-column-wrapper fusion-column-has-shadow fusion-flex-column-wrapper-legacy\"><div class=\"fusion-section-separator section-separator waves-opacity fusion-section-separator-1\" style=\"--awb-spacer-padding-top:21.09375%;--awb-svg-margin-left:0;--awb-svg-margin-right:0;--awb-sep-font-size:0;--awb-sep-line-height:0;\"><div class=\"fusion-section-separator-svg\"><svg class=\"fusion-waves-opacity-candy\" xmlns=\"http:\/\/www.w3.org\/2000\/svg\" version=\"1.1\" width=\"100%\" viewBox=\"0 1 1024 216\" preserveAspectRatio=\"none\" fill=\"rgba(255,255,255,1)\"><path class=\"st0\" d=\"M0 215.4c19.4.5 38.7 1.6 57.7.3 206.6-15 248.5-126.6 455-143.8 184.8-15.5 285.7 60.9 464.3 41.3 16.9-1.8 32.5-4.4 47.1-7.6L1024 .4H0v215z\"\/>\n\t\t\t\t\t\t\t\t\t\t<path class=\"st1\" d=\"M0 196.4c30.2 1.6 59.6 1.6 86.8-.4C293.4 180.9 284.1 73.4 490.7 56.2c184.9-15.5 278.5 58.2 457.1 38.4 28.3-3.2 53.5-8.2 76.2-14.6V.256H0V196.4z\"\/>\n\t\t\t\t\t\t\t\t\t\t<path class=\"st2\" d=\"M0 169.8c22.2.3 43.8-.2 64.2-1.7C270.8 153.1 262 55.6 468.6 38.4 653.4 22.9 695.4 89.5 874 69.7c54.8-6 104.9-18.3 150-33.7V.256H0V169.8z\"\/>\n\t\t\t\t\t\t\t\t\t\t<path class=\"st3\" d=\"M0 162.1c4-.2 8-.4 11.9-.7C218.4 146.3 239.8 37 446.4 19.8 631.3 4.3 672.7 60.9 851.3 41.1c64-7.2 121.9-20.8 172.7-37.9V.156H0V162.1z\"\/>\n\t\t\t\t\t\t\t\t\t<\/svg><\/div><div class=\"fusion-section-separator-spacer\"><div class=\"fusion-section-separator-spacer-height\"><\/div><\/div><\/div><div class=\"fusion-clearfix\"><\/div><\/div><\/div><div class=\"fusion-layout-column fusion_builder_column fusion-builder-column-3 fusion_builder_column_1_1 1_1 fusion-one-full fusion-column-first fusion-column-last fusion-column-no-min-height\" style=\"--awb-bg-size:cover;--awb-margin-bottom:0px;\"><div class=\"fusion-column-wrapper fusion-column-has-shadow fusion-flex-column-wrapper-legacy\"><div class=\"fusion-title title fusion-title-4 fusion-sep-none fusion-title-center fusion-title-text fusion-title-size-one\" style=\"--awb-text-color:#ffffff;--awb-margin-top-small:0px;--awb-margin-right-small:0px;--awb-margin-bottom-small:20px;--awb-margin-left-small:0px;\"><h1 class=\"fusion-title-heading title-heading-center fusion-responsive-typography-calculated\" style=\"font-family:&quot;Dosis&quot;;font-style:normal;font-weight:500;margin:0;--fontSize:40;line-height:1.45;text-shadow:1px 1px 3px #1d3557;\">ZAHNARZT TEGEL \/ REINICKENDORF \u2013<br \/>\nWIR K\u00dcMMERN UNS KOMPETENT UM DIE GESUNDHEIT UND SCH\u00d6NHEIT IHRER Z\u00c4HNE.<\/h1><\/div><div class=\"fusion-clearfix\"><\/div><\/div><\/div><div class=\"fusion-layout-column fusion_builder_column fusion-builder-column-4 fusion_builder_column_1_1 1_1 fusion-one-full fusion-column-first fusion-column-last\" style=\"--awb-bg-size:cover;--awb-margin-bottom:0px;\"><div class=\"fusion-column-wrapper fusion-column-has-shadow fusion-flex-column-wrapper-legacy\"><div class=\"fusion-section-separator section-separator waves-opacity fusion-section-separator-2\" style=\"--awb-spacer-padding-top:21.09375%;--awb-svg-margin-left:0;--awb-svg-margin-right:0;--awb-sep-font-size:0;--awb-sep-line-height:0;\"><div class=\"fusion-section-separator-svg\"><svg class=\"fusion-waves-opacity-candy\" xmlns=\"http:\/\/www.w3.org\/2000\/svg\" version=\"1.1\" width=\"100%\" viewBox=\"0 0 1024 216\" preserveAspectRatio=\"none\" fill=\"rgba(255,255,255,1)\"><path class=\"st0\" d=\"M1024.1 1.068c-19.4-.5-38.7-1.6-57.7-.3-206.6 15-248.5 126.6-455 143.8-184.8 15.5-285.7-60.9-464.3-41.3-16.9 1.8-32.5 4.4-47.1 7.6l.1 105.2h1024v-215z\"\/>\n\t\t\t\t\t\t\t\t\t\t<path class=\"st1\" d=\"M1024.1 20.068c-30.2-1.6-59.6-1.6-86.8.4-206.6 15.1-197.3 122.6-403.9 139.8-184.9 15.5-278.5-58.2-457.1-38.4-28.3 3.2-53.5 8.2-76.2 14.6v79.744h1024V20.068z\"\/>\n\t\t\t\t\t\t\t\t\t\t<path class=\"st2\" d=\"M1024.1 46.668c-22.2-.3-43.8.2-64.2 1.7-206.6 15-197.8 112.5-404.4 129.7-184.8 15.5-226.8-51.1-405.4-31.3-54.8 6-104.9 18.3-150 33.7v35.744h1024V46.668z\"\/>\n\t\t\t\t\t\t\t\t\t\t<path class=\"st3\" d=\"M1024.1 54.368c-4 .2-8 .4-11.9.7-206.5 15.1-227.9 124.4-434.5 141.6-184.9 15.5-226.3-41.1-404.9-21.3-64 7.2-121.9 20.8-172.7 37.9v3.044h1024V54.368z\"\/>\n\t\t\t\t\t\t\t\t\t<\/svg><\/div><div class=\"fusion-section-separator-spacer\"><div class=\"fusion-section-separator-spacer-height\"><\/div><\/div><\/div><div class=\"fusion-clearfix\"><\/div><\/div><\/div><\/div><\/div><\/div><\/p>\n","protected":false},"excerpt":{"rendered":"","protected":false},"author":1,"featured_media":0,"parent":0,"menu_order":0,"comment_status":"closed","ping_status":"closed","template":"100-width.php","meta":{"footnotes":""},"class_list":["post-12661","page","type-page","status-publish","hentry"],"yoast_head":"<!-- This site is optimized with the Yoast SEO plugin v27.4 - https:\/\/yoast.com\/product\/yoast-seo-wordpress\/ -->\n<title>Zahnersatz Tegel - CEREC: Kronen\/Br\u00fccken in einer Sitzung<\/title>\n<meta name=\"description\" content=\"Dank dem computergest\u00fctzten Pr\u00e4zisionsverfahren CEREC k\u00f6nnen wir Zahnersatz binnen eines Tages ohne l\u00e4stiges Provisorium fertigen.\" \/>\n<meta name=\"robots\" content=\"index, follow, max-snippet:-1, max-image-preview:large, max-video-preview:-1\" \/>\n<link rel=\"canonical\" href=\"https:\/\/praxis-ubbelohde.de\/wordpress\/cerec-vollkeramik-system-ohne-abformung-digitaler-workflow-keramische-fuellungen-und-zahnersatz\/\" \/>\n<meta property=\"og:locale\" content=\"en_US\" \/>\n<meta property=\"og:type\" content=\"article\" \/>\n<meta property=\"og:title\" content=\"Zahnersatz Tegel - CEREC: Kronen\/Br\u00fccken in einer Sitzung\" \/>\n<meta property=\"og:description\" content=\"Dank dem computergest\u00fctzten Pr\u00e4zisionsverfahren CEREC k\u00f6nnen wir Zahnersatz binnen eines Tages ohne l\u00e4stiges Provisorium fertigen.\" \/>\n<meta property=\"og:url\" content=\"https:\/\/praxis-ubbelohde.de\/wordpress\/cerec-vollkeramik-system-ohne-abformung-digitaler-workflow-keramische-fuellungen-und-zahnersatz\/\" \/>\n<meta property=\"og:site_name\" content=\"Praxis Ubbelohde\" \/>\n<meta property=\"article:publisher\" content=\"https:\/\/www.facebook.com\/zahnarztpraxis.ubbelohde\" \/>\n<meta property=\"article:modified_time\" content=\"2024-06-14T17:57:42+00:00\" \/>\n<meta property=\"og:image\" content=\"https:\/\/praxis-ubbelohde.de\/wordpress\/wp-content\/uploads\/2022\/05\/Zahnarzt-Ubbelohde-Tegel-Reinickendorf.png\" \/>\n\t<meta property=\"og:image:width\" content=\"500\" \/>\n\t<meta property=\"og:image:height\" content=\"500\" \/>\n\t<meta property=\"og:image:type\" content=\"image\/png\" \/>\n<meta name=\"twitter:card\" content=\"summary_large_image\" \/>\n<meta name=\"twitter:label1\" content=\"Est. reading time\" \/>\n\t<meta name=\"twitter:data1\" content=\"12 minutes\" \/>\n<script type=\"application\/ld+json\" class=\"yoast-schema-graph\">{\"@context\":\"https:\\\/\\\/schema.org\",\"@graph\":[{\"@type\":\"WebPage\",\"@id\":\"https:\\\/\\\/praxis-ubbelohde.de\\\/wordpress\\\/cerec-vollkeramik-system-ohne-abformung-digitaler-workflow-keramische-fuellungen-und-zahnersatz\\\/\",\"url\":\"https:\\\/\\\/praxis-ubbelohde.de\\\/wordpress\\\/cerec-vollkeramik-system-ohne-abformung-digitaler-workflow-keramische-fuellungen-und-zahnersatz\\\/\",\"name\":\"Zahnersatz Tegel - CEREC: Kronen\\\/Br\u00fccken in einer Sitzung\",\"isPartOf\":{\"@id\":\"https:\\\/\\\/praxis-ubbelohde.de\\\/wordpress\\\/#website\"},\"datePublished\":\"2020-06-08T07:56:27+00:00\",\"dateModified\":\"2024-06-14T17:57:42+00:00\",\"description\":\"Dank dem computergest\u00fctzten Pr\u00e4zisionsverfahren CEREC k\u00f6nnen wir Zahnersatz binnen eines Tages ohne l\u00e4stiges Provisorium fertigen.\",\"breadcrumb\":{\"@id\":\"https:\\\/\\\/praxis-ubbelohde.de\\\/wordpress\\\/cerec-vollkeramik-system-ohne-abformung-digitaler-workflow-keramische-fuellungen-und-zahnersatz\\\/#breadcrumb\"},\"inLanguage\":\"en-US\",\"potentialAction\":[{\"@type\":\"ReadAction\",\"target\":[\"https:\\\/\\\/praxis-ubbelohde.de\\\/wordpress\\\/cerec-vollkeramik-system-ohne-abformung-digitaler-workflow-keramische-fuellungen-und-zahnersatz\\\/\"]}]},{\"@type\":\"BreadcrumbList\",\"@id\":\"https:\\\/\\\/praxis-ubbelohde.de\\\/wordpress\\\/cerec-vollkeramik-system-ohne-abformung-digitaler-workflow-keramische-fuellungen-und-zahnersatz\\\/#breadcrumb\",\"itemListElement\":[{\"@type\":\"ListItem\",\"position\":1,\"name\":\"Home\",\"item\":\"https:\\\/\\\/praxis-ubbelohde.de\\\/wordpress\\\/\"},{\"@type\":\"ListItem\",\"position\":2,\"name\":\"Cerec Vollkeramik &#8211; System ohne Abformung Digitaler Workflow Keramische F\u00fcllungen und Zahnersatz\"}]},{\"@type\":\"WebSite\",\"@id\":\"https:\\\/\\\/praxis-ubbelohde.de\\\/wordpress\\\/#website\",\"url\":\"https:\\\/\\\/praxis-ubbelohde.de\\\/wordpress\\\/\",\"name\":\"Praxis Ubbelohde\",\"description\":\"Praxis Ubbelohde\",\"publisher\":{\"@id\":\"https:\\\/\\\/praxis-ubbelohde.de\\\/wordpress\\\/#organization\"},\"potentialAction\":[{\"@type\":\"SearchAction\",\"target\":{\"@type\":\"EntryPoint\",\"urlTemplate\":\"https:\\\/\\\/praxis-ubbelohde.de\\\/wordpress\\\/?s={search_term_string}\"},\"query-input\":{\"@type\":\"PropertyValueSpecification\",\"valueRequired\":true,\"valueName\":\"search_term_string\"}}],\"inLanguage\":\"en-US\"},{\"@type\":\"Organization\",\"@id\":\"https:\\\/\\\/praxis-ubbelohde.de\\\/wordpress\\\/#organization\",\"name\":\"Zahnarzt Tegel \\\/ Reinickendorf\",\"url\":\"https:\\\/\\\/praxis-ubbelohde.de\\\/wordpress\\\/\",\"logo\":{\"@type\":\"ImageObject\",\"inLanguage\":\"en-US\",\"@id\":\"https:\\\/\\\/praxis-ubbelohde.de\\\/wordpress\\\/#\\\/schema\\\/logo\\\/image\\\/\",\"url\":\"https:\\\/\\\/praxis-ubbelohde.de\\\/wordpress\\\/wp-content\\\/uploads\\\/2022\\\/05\\\/Zahnarzt-Ubbelohde-Tegel-Reinickendorf.png\",\"contentUrl\":\"https:\\\/\\\/praxis-ubbelohde.de\\\/wordpress\\\/wp-content\\\/uploads\\\/2022\\\/05\\\/Zahnarzt-Ubbelohde-Tegel-Reinickendorf.png\",\"width\":500,\"height\":500,\"caption\":\"Zahnarzt Tegel \\\/ Reinickendorf\"},\"image\":{\"@id\":\"https:\\\/\\\/praxis-ubbelohde.de\\\/wordpress\\\/#\\\/schema\\\/logo\\\/image\\\/\"},\"sameAs\":[\"https:\\\/\\\/www.facebook.com\\\/zahnarztpraxis.ubbelohde\",\"https:\\\/\\\/www.instagram.com\\\/zahnarztpraxis.ubbelohde\"]}]}<\/script>\n<!-- \/ Yoast SEO plugin. -->","yoast_head_json":{"title":"Zahnersatz Tegel - CEREC: Kronen\/Br\u00fccken in einer Sitzung","description":"Dank dem computergest\u00fctzten Pr\u00e4zisionsverfahren CEREC k\u00f6nnen wir Zahnersatz binnen eines Tages ohne l\u00e4stiges Provisorium fertigen.","robots":{"index":"index","follow":"follow","max-snippet":"max-snippet:-1","max-image-preview":"max-image-preview:large","max-video-preview":"max-video-preview:-1"},"canonical":"https:\/\/praxis-ubbelohde.de\/wordpress\/cerec-vollkeramik-system-ohne-abformung-digitaler-workflow-keramische-fuellungen-und-zahnersatz\/","og_locale":"en_US","og_type":"article","og_title":"Zahnersatz Tegel - CEREC: Kronen\/Br\u00fccken in einer Sitzung","og_description":"Dank dem computergest\u00fctzten Pr\u00e4zisionsverfahren CEREC k\u00f6nnen wir Zahnersatz binnen eines Tages ohne l\u00e4stiges Provisorium fertigen.","og_url":"https:\/\/praxis-ubbelohde.de\/wordpress\/cerec-vollkeramik-system-ohne-abformung-digitaler-workflow-keramische-fuellungen-und-zahnersatz\/","og_site_name":"Praxis Ubbelohde","article_publisher":"https:\/\/www.facebook.com\/zahnarztpraxis.ubbelohde","article_modified_time":"2024-06-14T17:57:42+00:00","og_image":[{"width":500,"height":500,"url":"https:\/\/praxis-ubbelohde.de\/wordpress\/wp-content\/uploads\/2022\/05\/Zahnarzt-Ubbelohde-Tegel-Reinickendorf.png","type":"image\/png"}],"twitter_card":"summary_large_image","twitter_misc":{"Est. reading time":"12 minutes"},"schema":{"@context":"https:\/\/schema.org","@graph":[{"@type":"WebPage","@id":"https:\/\/praxis-ubbelohde.de\/wordpress\/cerec-vollkeramik-system-ohne-abformung-digitaler-workflow-keramische-fuellungen-und-zahnersatz\/","url":"https:\/\/praxis-ubbelohde.de\/wordpress\/cerec-vollkeramik-system-ohne-abformung-digitaler-workflow-keramische-fuellungen-und-zahnersatz\/","name":"Zahnersatz Tegel - CEREC: Kronen\/Br\u00fccken in einer Sitzung","isPartOf":{"@id":"https:\/\/praxis-ubbelohde.de\/wordpress\/#website"},"datePublished":"2020-06-08T07:56:27+00:00","dateModified":"2024-06-14T17:57:42+00:00","description":"Dank dem computergest\u00fctzten Pr\u00e4zisionsverfahren CEREC k\u00f6nnen wir Zahnersatz binnen eines Tages ohne l\u00e4stiges Provisorium fertigen.","breadcrumb":{"@id":"https:\/\/praxis-ubbelohde.de\/wordpress\/cerec-vollkeramik-system-ohne-abformung-digitaler-workflow-keramische-fuellungen-und-zahnersatz\/#breadcrumb"},"inLanguage":"en-US","potentialAction":[{"@type":"ReadAction","target":["https:\/\/praxis-ubbelohde.de\/wordpress\/cerec-vollkeramik-system-ohne-abformung-digitaler-workflow-keramische-fuellungen-und-zahnersatz\/"]}]},{"@type":"BreadcrumbList","@id":"https:\/\/praxis-ubbelohde.de\/wordpress\/cerec-vollkeramik-system-ohne-abformung-digitaler-workflow-keramische-fuellungen-und-zahnersatz\/#breadcrumb","itemListElement":[{"@type":"ListItem","position":1,"name":"Home","item":"https:\/\/praxis-ubbelohde.de\/wordpress\/"},{"@type":"ListItem","position":2,"name":"Cerec Vollkeramik &#8211; System ohne Abformung Digitaler Workflow Keramische F\u00fcllungen und Zahnersatz"}]},{"@type":"WebSite","@id":"https:\/\/praxis-ubbelohde.de\/wordpress\/#website","url":"https:\/\/praxis-ubbelohde.de\/wordpress\/","name":"Praxis Ubbelohde","description":"Praxis Ubbelohde","publisher":{"@id":"https:\/\/praxis-ubbelohde.de\/wordpress\/#organization"},"potentialAction":[{"@type":"SearchAction","target":{"@type":"EntryPoint","urlTemplate":"https:\/\/praxis-ubbelohde.de\/wordpress\/?s={search_term_string}"},"query-input":{"@type":"PropertyValueSpecification","valueRequired":true,"valueName":"search_term_string"}}],"inLanguage":"en-US"},{"@type":"Organization","@id":"https:\/\/praxis-ubbelohde.de\/wordpress\/#organization","name":"Zahnarzt Tegel \/ Reinickendorf","url":"https:\/\/praxis-ubbelohde.de\/wordpress\/","logo":{"@type":"ImageObject","inLanguage":"en-US","@id":"https:\/\/praxis-ubbelohde.de\/wordpress\/#\/schema\/logo\/image\/","url":"https:\/\/praxis-ubbelohde.de\/wordpress\/wp-content\/uploads\/2022\/05\/Zahnarzt-Ubbelohde-Tegel-Reinickendorf.png","contentUrl":"https:\/\/praxis-ubbelohde.de\/wordpress\/wp-content\/uploads\/2022\/05\/Zahnarzt-Ubbelohde-Tegel-Reinickendorf.png","width":500,"height":500,"caption":"Zahnarzt Tegel \/ Reinickendorf"},"image":{"@id":"https:\/\/praxis-ubbelohde.de\/wordpress\/#\/schema\/logo\/image\/"},"sameAs":["https:\/\/www.facebook.com\/zahnarztpraxis.ubbelohde","https:\/\/www.instagram.com\/zahnarztpraxis.ubbelohde"]}]}},"_links":{"self":[{"href":"https:\/\/praxis-ubbelohde.de\/wordpress\/wp-json\/wp\/v2\/pages\/12661","targetHints":{"allow":["GET"]}}],"collection":[{"href":"https:\/\/praxis-ubbelohde.de\/wordpress\/wp-json\/wp\/v2\/pages"}],"about":[{"href":"https:\/\/praxis-ubbelohde.de\/wordpress\/wp-json\/wp\/v2\/types\/page"}],"author":[{"embeddable":true,"href":"https:\/\/praxis-ubbelohde.de\/wordpress\/wp-json\/wp\/v2\/users\/1"}],"replies":[{"embeddable":true,"href":"https:\/\/praxis-ubbelohde.de\/wordpress\/wp-json\/wp\/v2\/comments?post=12661"}],"version-history":[{"count":1,"href":"https:\/\/praxis-ubbelohde.de\/wordpress\/wp-json\/wp\/v2\/pages\/12661\/revisions"}],"predecessor-version":[{"id":18124,"href":"https:\/\/praxis-ubbelohde.de\/wordpress\/wp-json\/wp\/v2\/pages\/12661\/revisions\/18124"}],"wp:attachment":[{"href":"https:\/\/praxis-ubbelohde.de\/wordpress\/wp-json\/wp\/v2\/media?parent=12661"}],"curies":[{"name":"wp","href":"https:\/\/api.w.org\/{rel}","templated":true}]}}